{"id":53,"date":"2020-02-05T09:50:11","date_gmt":"2020-02-05T09:50:11","guid":{"rendered":"http:\/\/spedition-moellers.de\/?page_id=53"},"modified":"2020-05-22T08:10:32","modified_gmt":"2020-05-22T08:10:32","slug":"kontakt-3","status":"publish","type":"page","link":"https:\/\/spedition-moellers.de\/?page_id=53","title":{"rendered":"Kontakt"},"content":{"rendered":"\n<p> <strong>Allgemein:<\/strong><\/p>\n\n\n\n<p><br> Tel.: 02555-99799-0<br> Fax: 02555-99799-19<br> E-Mail:  info@spedition-moellers.de<\/p>\n\n\n\n<p><strong>Ihre Ansprechpartner:<\/strong><\/p>\n\n\n\n<p><strong>Gesch\u00e4ftsleitung &amp; Disposition<\/strong><br> <strong>Heinz M\u00f6llers<\/strong><br><\/p>\n\n\n\n<figure class=\"wp-block-image size-large\"><img decoding=\"async\" loading=\"lazy\" width=\"150\" height=\"150\" src=\"http:\/\/spedition-moellers.de\/wp-content\/uploads\/2020\/02\/Heinz-150x150-1.jpg\" alt=\"\" class=\"wp-image-75\"\/><\/figure>\n\n\n\n<p> Tel. 02555-99799-0<br> E-Mail: info@spedition-moellers.de<\/p>\n\n\n\n<p><strong>Disposition<\/strong><br> <strong>Bernd L\u00fcders<\/strong><\/p>\n\n\n\n<p><img decoding=\"async\" loading=\"lazy\" width=\"150\" height=\"150\" class=\"wp-image-73\" style=\"width: 150px;\" alt=\"\" src=\"http:\/\/spedition-moellers.de\/wp-content\/uploads\/2020\/02\/Bernd-150x150-1.jpg\"><br> Tel. 02555-99799-0<br> E-Mail: b.lueders@spedition-moellers.de<\/p>\n\n\n\n<p><strong>Buchhaltung<\/strong><br> <strong>Birgit Spieker<\/strong><\/p>\n\n\n\n<p><img decoding=\"async\" loading=\"lazy\" width=\"150\" height=\"150\" class=\"wp-image-74\" style=\"width: 150px;\" alt=\"\" src=\"http:\/\/spedition-moellers.de\/wp-content\/uploads\/2020\/02\/Birgit-150x150-1.jpg\"><br> Tel. 02555-99799-12<br> E-Mail: b.spieker@spedition-moellers.de<\/p>\n\n\n\n<p><strong>IT-Koordination &amp; Abrechnung<\/strong><br> <strong>Waltraud M\u00f6llers<\/strong><\/p>\n\n\n\n<p><img decoding=\"async\" loading=\"lazy\" width=\"150\" height=\"150\" class=\"wp-image-77\" style=\"width: 150px;\" alt=\"\" src=\"http:\/\/spedition-moellers.de\/wp-content\/uploads\/2020\/02\/Walli-150x150-1.jpg\"><br> Tel. 02555-99799-12<br> E-Mail: w.moellers@spedition-moellers.de<\/p>\n\n\n\n<p><br><\/p>\n","protected":false},"excerpt":{"rendered":"<p>Allgemein: Tel.: 02555-99799-0 Fax: 02555-99799-19 E-Mail: info@spedition-moellers.de Ihre Ansprechpartner: Gesch\u00e4ftsleitung &amp; Disposition Heinz M\u00f6llers Tel. 02555-99799-0 E-Mail: info@spedition-moellers.de Disposition Bernd L\u00fcders Tel. 02555-99799-0 E-Mail: b.lueders@spedition-moellers.de Buchhaltung Birgit Spieker Tel. 02555-99799-12 E-Mail: b.spieker@spedition-moellers.de IT-Koordination &amp; Abrechnung Waltraud M\u00f6llers Tel. 02555-99799-12 E-Mail: w.moellers@spedition-moellers.de<\/p>\n","protected":false},"author":1,"featured_media":0,"parent":0,"menu_order":0,"comment_status":"closed","ping_status":"closed","template":"","meta":[],"_links":{"self":[{"href":"https:\/\/spedition-moellers.de\/index.php?rest_route=\/wp\/v2\/pages\/53"}],"collection":[{"href":"https:\/\/spedition-moellers.de\/index.php?rest_route=\/wp\/v2\/pages"}],"about":[{"href":"https:\/\/spedition-moellers.de\/index.php?rest_route=\/wp\/v2\/types\/page"}],"author":[{"embeddable":true,"href":"https:\/\/spedition-moellers.de\/index.php?rest_route=\/wp\/v2\/users\/1"}],"replies":[{"embeddable":true,"href":"https:\/\/spedition-moellers.de\/index.php?rest_route=%2Fwp%2Fv2%2Fcomments&post=53"}],"version-history":[{"count":5,"href":"https:\/\/spedition-moellers.de\/index.php?rest_route=\/wp\/v2\/pages\/53\/revisions"}],"predecessor-version":[{"id":161,"href":"https:\/\/spedition-moellers.de\/index.php?rest_route=\/wp\/v2\/pages\/53\/revisions\/161"}],"wp:attachment":[{"href":"https:\/\/spedition-moellers.de\/index.php?rest_route=%2Fwp%2Fv2%2Fmedia&parent=53"}],"curies":[{"name":"wp","href":"https:\/\/api.w.org\/{rel}","templated":true}]}}