{"id":17,"date":"2020-02-03T10:01:56","date_gmt":"2020-02-03T10:01:56","guid":{"rendered":"http:\/\/spedition-moellers.de\/?page_id=17"},"modified":"2024-10-17T09:33:44","modified_gmt":"2024-10-17T09:33:44","slug":"willkommen","status":"publish","type":"page","link":"https:\/\/spedition-moellers.de\/","title":{"rendered":"Willkommen"},"content":{"rendered":"\n<p><\/p>\n\n\n\n<p>Sie befinden sich hier auf der offiziellen Website der Spedition M\u00f6llers GmbH &amp; Co. KG.<\/p>\n\n\n\n<p>Die Spedition M\u00f6llers ist ein in der dritten Generation familiengef\u00fchrtes Unternehmen.<\/p>\n\n\n\n<p>Wir transportieren \u00fcberwiegend Komplettladungen im K\u00fchl- und Tiefk\u00fchlbereich und arbeiten nicht zuletzt dank unseres starken Teams zuverl\u00e4ssig und flexibel.<\/p>\n\n\n\n<p><\/p>\n","protected":false},"excerpt":{"rendered":"<p>Sie befinden sich hier auf der offiziellen Website der Spedition M\u00f6llers GmbH &amp; Co. KG. Die Spedition M\u00f6llers ist ein in der dritten Generation familiengef\u00fchrtes Unternehmen. Wir transportieren \u00fcberwiegend Komplettladungen im K\u00fchl- und Tiefk\u00fchlbereich und arbeiten nicht zuletzt dank unseres starken Teams zuverl\u00e4ssig und flexibel.<\/p>\n","protected":false},"author":1,"featured_media":0,"parent":0,"menu_order":0,"comment_status":"closed","ping_status":"closed","template":"","meta":[],"_links":{"self":[{"href":"https:\/\/spedition-moellers.de\/index.php?rest_route=\/wp\/v2\/pages\/17"}],"collection":[{"href":"https:\/\/spedition-moellers.de\/index.php?rest_route=\/wp\/v2\/pages"}],"about":[{"href":"https:\/\/spedition-moellers.de\/index.php?rest_route=\/wp\/v2\/types\/page"}],"author":[{"embeddable":true,"href":"https:\/\/spedition-moellers.de\/index.php?rest_route=\/wp\/v2\/users\/1"}],"replies":[{"embeddable":true,"href":"https:\/\/spedition-moellers.de\/index.php?rest_route=%2Fwp%2Fv2%2Fcomments&post=17"}],"version-history":[{"count":4,"href":"https:\/\/spedition-moellers.de\/index.php?rest_route=\/wp\/v2\/pages\/17\/revisions"}],"predecessor-version":[{"id":198,"href":"https:\/\/spedition-moellers.de\/index.php?rest_route=\/wp\/v2\/pages\/17\/revisions\/198"}],"wp:attachment":[{"href":"https:\/\/spedition-moellers.de\/index.php?rest_route=%2Fwp%2Fv2%2Fmedia&parent=17"}],"curies":[{"name":"wp","href":"https:\/\/api.w.org\/{rel}","templated":true}]}}