{"id":107,"date":"2020-02-21T11:03:07","date_gmt":"2020-02-21T11:03:07","guid":{"rendered":"http:\/\/spedition-moellers.de\/?page_id=107"},"modified":"2025-07-31T08:20:21","modified_gmt":"2025-07-31T08:20:21","slug":"aktuelles","status":"publish","type":"page","link":"https:\/\/spedition-moellers.de\/?page_id=107","title":{"rendered":"Aktuelles"},"content":{"rendered":"\n<p><strong>Fahrer gesucht!<\/strong><\/p>\n\n\n\n<p>Wie so viele Transportunternehmen m\u00fcssen auch wir auf die Suche nach einem Fahrer gehen. <\/p>\n\n\n\n<p>Freitagnachmittag schon Feierabend? Keine Seltenheit bei uns!<\/p>\n\n\n\n<p><a><\/a>Wir suchen kurzfristig einen erfahrenen Fahrer f\u00fcr unseren nationalen Fernverkehr, Standort 48612 Horstmar, bevorzugt aus der n\u00e4heren Umgebung!<\/p>\n\n\n\n<p>Ihr seid jedes Wochenende zuhause und arbeitet in einem sympathischen Team bei fairer Bezahlung.<\/p>\n\n\n\n<p>Ein fester LKW ist selbstverst\u00e4ndlich, kann aber am Wochenende nur mit nach Hause genommen werden, wenn ein sicherer Standort vorhanden ist. Bei einer Beladung des Fahrzeugs mit K\u00fchlware \u00fcber das Wochenende ist eine regelm\u00e4\u00dfige Kontrolle des K\u00fchlger\u00e4ts erforderlich.<\/p>\n\n\n\n<p>Unser Fuhrpark ist modern und die Fahrzeuge verf\u00fcgen \u00fcber eine gehobene Ausstattung.<\/p>\n\n\n\n<p>Die Disposition ist so engagiert, dass jeder einmal fr\u00fch zuhause sein kann.<\/p>\n\n\n\n<p>Auch die Modulschulungen organisieren und bezahlen wir.<\/p>\n\n\n\n<p>Wenn ihr zuverl\u00e4ssig und gewissenhaft seid und gerne in famili\u00e4rer Atmosph\u00e4re arbeiten m\u00f6chtet, freuen wir uns sehr \u00fcber eine Bewerbung!<\/p>\n\n\n\n<p>Bei ernstgemeinten Anfragen bitten wir um einen Anruf unter Telefon 02555 99799-0 oder auch gerne eine E-Mail an info@spedition-moellers.de.<\/p>\n\n\n\n<p><\/p>\n\n\n\n<p><\/p>\n","protected":false},"excerpt":{"rendered":"<p>Fahrer gesucht! Wie so viele Transportunternehmen m\u00fcssen auch wir auf die Suche nach einem Fahrer gehen. Freitagnachmittag schon Feierabend? Keine Seltenheit bei uns! Wir suchen kurzfristig einen erfahrenen Fahrer f\u00fcr unseren nationalen Fernverkehr, Standort 48612 Horstmar, bevorzugt aus der n\u00e4heren Umgebung! Ihr seid jedes Wochenende zuhause und arbeitet in einem sympathischen Team bei fairer Bezahlung. &hellip; <\/p>\n<p class=\"link-more\"><a href=\"https:\/\/spedition-moellers.de\/?page_id=107\" class=\"more-link\"><span class=\"screen-reader-text\">\u201eAktuelles\u201c<\/span> weiterlesen<\/a><\/p>\n","protected":false},"author":1,"featured_media":0,"parent":0,"menu_order":0,"comment_status":"closed","ping_status":"closed","template":"","meta":[],"_links":{"self":[{"href":"https:\/\/spedition-moellers.de\/index.php?rest_route=\/wp\/v2\/pages\/107"}],"collection":[{"href":"https:\/\/spedition-moellers.de\/index.php?rest_route=\/wp\/v2\/pages"}],"about":[{"href":"https:\/\/spedition-moellers.de\/index.php?rest_route=\/wp\/v2\/types\/page"}],"author":[{"embeddable":true,"href":"https:\/\/spedition-moellers.de\/index.php?rest_route=\/wp\/v2\/users\/1"}],"replies":[{"embeddable":true,"href":"https:\/\/spedition-moellers.de\/index.php?rest_route=%2Fwp%2Fv2%2Fcomments&post=107"}],"version-history":[{"count":11,"href":"https:\/\/spedition-moellers.de\/index.php?rest_route=\/wp\/v2\/pages\/107\/revisions"}],"predecessor-version":[{"id":201,"href":"https:\/\/spedition-moellers.de\/index.php?rest_route=\/wp\/v2\/pages\/107\/revisions\/201"}],"wp:attachment":[{"href":"https:\/\/spedition-moellers.de\/index.php?rest_route=%2Fwp%2Fv2%2Fmedia&parent=107"}],"curies":[{"name":"wp","href":"https:\/\/api.w.org\/{rel}","templated":true}]}}